{"id":106,"date":"2014-04-02T16:45:21","date_gmt":"2014-04-02T16:45:21","guid":{"rendered":"http:\/\/7encontrolbhm.spm.pt\/site\/?page_id=106"},"modified":"2014-04-02T16:51:09","modified_gmt":"2014-04-02T16:51:09","slug":"seminario-nacional-de-historia-da-matematica","status":"publish","type":"page","link":"https:\/\/7encontrolbhm.spm.pt\/site\/seminario-nacional-de-historia-da-matematica\/","title":{"rendered":"Semin\u00e1rio Nacional de Hist\u00f3ria da Matem\u00e1tica"},"content":{"rendered":"<p style=\"text-align: justify;\">O Semin\u00e1rio Nacional de Hist\u00f3ria da Matem\u00e1tica foi fundado em Janeiro de 1988, no seguimento das comemora\u00e7\u00f5es do bicenten\u00e1rio do falecimento do distinto matem\u00e1tico portugu\u00eas Jos\u00e9 Anast\u00e1cio da Cunha (1744-1787), as quais se realizaram em v\u00e1rios pontos do Pa\u00eds, nomeadamente em Coimbra, \u00c9vora e Lisboa. Conscientes de important\u00edssimas lacunas no que dizia respeito \u00e0 divulga\u00e7\u00e3o e investiga\u00e7\u00e3o em Hist\u00f3ria da Matem\u00e1tica no nosso Pa\u00eds, e muito em especial no que dizia respeito \u00e0 Matem\u00e1tica Portuguesa, membros das Universidades de Lisboa, Coimbra, Porto e Minho decidiram criar uma estrutura adaptada \u00e0s circunst\u00e2ncias que promovesse a elabora\u00e7\u00e3o de uma rede nacional de contactos entre os interessados e investigadores em Hist\u00f3ria da Matem\u00e1tica, e simultaneamente promovesse a colabora\u00e7\u00e3o e interven\u00e7\u00e3o em temas nessa \u00e1rea.<\/p>\n<p style=\"text-align: justify;\">N\u00e3o foi esquecida a importante necessidade de integra\u00e7\u00e3o na comunidade internacional dos historiadores da Matem\u00e1tica, evidenciada pela presen\u00e7a em todos os Encontros Nacionais de investigadores de outros pa\u00edses. Desde meados dos anos 90 o Semin\u00e1rio passou a constituir uma sec\u00e7\u00e3o da Sociedade Portuguesa de Matem\u00e1tica.<\/p>\n<p style=\"text-align: justify;\">Para al\u00e9m dos Encontros Nacionais, desde 1993 o Semin\u00e1rio tem mantido uma colabora\u00e7\u00e3o com os investigadores brasileiros de Hist\u00f3ria da Matem\u00e1tica, tendo conjuntamente organizado seis Encontros Luso-Brasileiros de Hist\u00f3ria da Matem\u00e1tica, com publica\u00e7\u00e3o das respectivas Actas, com excep\u00e7\u00e3o das do 3\u00ba Encontro (as do sexto Encontro t\u00eam publica\u00e7\u00e3o prevista para o primeiro semestre de 2014). Nos tr\u00eas primeiros Encontros e nos dois \u00faltimos foram tidas em conta duas vertentes, igualmente importantes, dos objectivos do SNHM: a divulga\u00e7\u00e3o e a investiga\u00e7\u00e3o, pelo que nesses Encontros houve sempre a inclus\u00e3o de confer\u00eancias sobre temas de investiga\u00e7\u00e3o, a par de outras mais generalistas, bem como a realiza\u00e7\u00e3o de mini-cursos. O 4\u00ba Encontro, realizado em 2004 no Brasil, teve uma matriz diferente. Considerando que o n\u00famero de investigadores em Hist\u00f3ria da Matem\u00e1tica nos dois pa\u00edses tinha aumentado significativamente desde a organiza\u00e7\u00e3o do primeiro Encontro, em 1993, foi considerado ben\u00e9fico para a mobiliza\u00e7\u00e3o desse mesmo corpo de investigadores organizar um Encontro totalmente dedicado a temas de investiga\u00e7\u00e3o em Hist\u00f3ria da Matem\u00e1tica.<\/p>\n<p style=\"text-align: justify;\">Em 2013 teve lugar em Espanha, em Santiago de Compostela, durante a realiza\u00e7\u00e3o do Encontro Nacional da Real Sociedade Matem\u00e1tica Espanhola, o 1\u00ba Encontro Ib\u00e9rico de Hist\u00f3ria da Matem\u00e1tica. Este Encontro, iniciando uma colabora\u00e7\u00e3o j\u00e1 h\u00e1 muito devida com os nossos colegas espanh\u00f3is, realizar-se-\u00e1 periodicamente de tr\u00eas em tr\u00eas anos, alternadamente em Portugal e em Espanha, e ter\u00e1 lugar durante a realiza\u00e7\u00e3o dos Encontros Nacionais das respectivas sociedades de Matem\u00e1tica.<\/p>\n<p style=\"text-align: justify;\">Lu\u00eds Saraiva _ CMAF\/Universidade de Lisboa<\/p>\n","protected":false},"excerpt":{"rendered":"<p>O Semin\u00e1rio Nacional de Hist\u00f3ria da Matem\u00e1tica foi fundado em Janeiro de 1988, no seguimento das comemora\u00e7\u00f5es do bicenten\u00e1rio do falecimento do distinto matem\u00e1tico portugu\u00eas Jos\u00e9 Anast\u00e1cio da Cunha (1744-1787), as quais se realizaram em v\u00e1rios pontos do Pa\u00eds, nomeadamente em Coimbra, \u00c9vora e Lisboa. Conscientes de important\u00edssimas lacunas no que dizia respeito \u00e0 divulga\u00e7\u00e3o<\/p>\n<p class=\"readmore\"> <a href=\"https:\/\/7encontrolbhm.spm.pt\/site\/seminario-nacional-de-historia-da-matematica\/\" title=\"Read Semin\u00e1rio Nacional de Hist\u00f3ria da Matem\u00e1tica\">Read more&#8230;<\/a> <\/p>\n","protected":false},"author":1,"featured_media":0,"parent":0,"menu_order":0,"comment_status":"open","ping_status":"open","template":"","meta":[],"_links":{"self":[{"href":"https:\/\/7encontrolbhm.spm.pt\/site\/wp-json\/wp\/v2\/pages\/106"}],"collection":[{"href":"https:\/\/7encontrolbhm.spm.pt\/site\/wp-json\/wp\/v2\/pages"}],"about":[{"href":"https:\/\/7encontrolbhm.spm.pt\/site\/wp-json\/wp\/v2\/types\/page"}],"author":[{"embeddable":true,"href":"https:\/\/7encontrolbhm.spm.pt\/site\/wp-json\/wp\/v2\/users\/1"}],"replies":[{"embeddable":true,"href":"https:\/\/7encontrolbhm.spm.pt\/site\/wp-json\/wp\/v2\/comments?post=106"}],"version-history":[{"count":3,"href":"https:\/\/7encontrolbhm.spm.pt\/site\/wp-json\/wp\/v2\/pages\/106\/revisions"}],"predecessor-version":[{"id":120,"href":"https:\/\/7encontrolbhm.spm.pt\/site\/wp-json\/wp\/v2\/pages\/106\/revisions\/120"}],"wp:attachment":[{"href":"https:\/\/7encontrolbhm.spm.pt\/site\/wp-json\/wp\/v2\/media?parent=106"}],"curies":[{"name":"wp","href":"https:\/\/api.w.org\/{rel}","templated":true}]}}