{"id":121,"date":"2014-04-02T16:53:51","date_gmt":"2014-04-02T16:53:51","guid":{"rendered":"http:\/\/7encontrolbhm.spm.pt\/site\/?page_id=121"},"modified":"2014-10-01T11:01:19","modified_gmt":"2014-10-01T11:01:19","slug":"sessoes","status":"publish","type":"page","link":"https:\/\/7encontrolbhm.spm.pt\/site\/sessoes\/","title":{"rendered":"Sess\u00f5es"},"content":{"rendered":"<p>Sess\u00f5es com temas definidos<\/p>\n<p>1. Centen\u00e1rio do nascimento do Professor Jos\u00e9 Sebasti\u00e3o e Silva. Haver\u00e1 duas subsec\u00e7\u00f5es, uma sobre a sua produ\u00e7\u00e3o e vida cient\u00edfica, outro sobre a sua produ\u00e7\u00e3o de pr\u00e1tica did\u00e1ctica. A coordena\u00e7\u00e3o dessas duas subsec\u00e7\u00f5es ser\u00e1, respectivamente, dos Professores Jos\u00e9 Francisco Rodrigues e Jaime Carvalho e Silva.<\/p>\n<p>2. 150 anos do nascimento de Luciano Pereira da Silva, organizada pela Prof. Carlota Sim\u00f5es da U. Coimbra<\/p>\n<p>3. Hist\u00f3ria da L\u00f3gica, organizada pelos Profs Fernando Ferreira da U. Lisboa, e \u00cdtala d&#8217;Ottaviano, da Univ. Estadual de Campinas-UNICAMP.<\/p>\n<p>4. Henri Poincar\u00e9, sess\u00e3o organizada pela Prof Tatiana Roque, da Universidade Federal do Rio de Janeiro<\/p>\n<p>5. Hist\u00f3ria da Cartografia, organizada pelo Professor Francisco Roque de Oliveira (Universidade de Lisboa)<\/p>\n<p>6. Hist\u00f3ria da Astronomia, sess\u00e3o organizada pelos Profs \u00a0Pedro Raposo da FCUL e Fernando Figueiredo, da U. de Coimbra.<\/p>\n<p>7. Hist\u00f3ria do Ensino da Matem\u00e1tica, orientada pelos Professores Henrique Guimar\u00e3es do Instituto de Educa\u00e7\u00e3o, U. Lisboa, \u00a0M\u00e1ria Almeida, do Agrupamento de Escolas de Casquilhos, Wagner Valente e C\u00e9lia Leme, ambos da Universidade Federal de S. Paulo.<\/p>\n<p>8. Instrumentos na Hist\u00f3ria da Ci\u00eancia: Novas fontes, novas abordagens, orientada pela Doutora Marta Louren\u00e7o, do Museu Nacional de Hist\u00f3ria Natural e da Ci\u00eancia<\/p>\n","protected":false},"excerpt":{"rendered":"<p>Sess\u00f5es com temas definidos 1. Centen\u00e1rio do nascimento do Professor Jos\u00e9 Sebasti\u00e3o e Silva. Haver\u00e1 duas subsec\u00e7\u00f5es, uma sobre a sua produ\u00e7\u00e3o e vida cient\u00edfica, outro sobre a sua produ\u00e7\u00e3o de pr\u00e1tica did\u00e1ctica. A coordena\u00e7\u00e3o dessas duas subsec\u00e7\u00f5es ser\u00e1, respectivamente, dos Professores Jos\u00e9 Francisco Rodrigues e Jaime Carvalho e Silva. 2. 150 anos do nascimento<\/p>\n<p class=\"readmore\"> <a href=\"https:\/\/7encontrolbhm.spm.pt\/site\/sessoes\/\" title=\"Read Sess\u00f5es\">Read more&#8230;<\/a> <\/p>\n","protected":false},"author":1,"featured_media":0,"parent":0,"menu_order":0,"comment_status":"open","ping_status":"open","template":"","meta":[],"_links":{"self":[{"href":"https:\/\/7encontrolbhm.spm.pt\/site\/wp-json\/wp\/v2\/pages\/121"}],"collection":[{"href":"https:\/\/7encontrolbhm.spm.pt\/site\/wp-json\/wp\/v2\/pages"}],"about":[{"href":"https:\/\/7encontrolbhm.spm.pt\/site\/wp-json\/wp\/v2\/types\/page"}],"author":[{"embeddable":true,"href":"https:\/\/7encontrolbhm.spm.pt\/site\/wp-json\/wp\/v2\/users\/1"}],"replies":[{"embeddable":true,"href":"https:\/\/7encontrolbhm.spm.pt\/site\/wp-json\/wp\/v2\/comments?post=121"}],"version-history":[{"count":11,"href":"https:\/\/7encontrolbhm.spm.pt\/site\/wp-json\/wp\/v2\/pages\/121\/revisions"}],"predecessor-version":[{"id":135,"href":"https:\/\/7encontrolbhm.spm.pt\/site\/wp-json\/wp\/v2\/pages\/121\/revisions\/135"}],"wp:attachment":[{"href":"https:\/\/7encontrolbhm.spm.pt\/site\/wp-json\/wp\/v2\/media?parent=121"}],"curies":[{"name":"wp","href":"https:\/\/api.w.org\/{rel}","templated":true}]}}