{"id":136,"date":"2014-05-08T15:06:10","date_gmt":"2014-05-08T15:06:10","guid":{"rendered":"http:\/\/7encontrolbhm.spm.pt\/?page_id=136"},"modified":"2014-05-14T16:03:01","modified_gmt":"2014-05-14T16:03:01","slug":"sociedade-brasileira-de-historia-da-matematica","status":"publish","type":"page","link":"https:\/\/7encontrolbhm.spm.pt\/site\/sociedade-brasileira-de-historia-da-matematica\/","title":{"rendered":"Sociedade Brasileira de Hist\u00f3ria da Matem\u00e1tica"},"content":{"rendered":"<p>Pequena introdu\u00e7\u00e3o hist\u00f3rica aos Semin\u00e1rios Nacionais de Hist\u00f3ria da Matem\u00e1tica (SNHM &#8211; Brasil) e a funda\u00e7\u00e3o da Sociedade Brasileira de Hist\u00f3ria da Matem\u00e1tica (SBHMat)<\/p>\n<p>A realiza\u00e7\u00e3o do Semin\u00e1rio Nacional de Hist\u00f3ria da Matem\u00e1tica (SNHM) \u00e9 resultante da din\u00e2mica acad\u00eamica e cient\u00edfica, originada h\u00e1 mais de uma d\u00e9cada por um grupo de pesquisadores brasileiros que j\u00e1 desenvolviam seus estudos nessa \u00e1rea.<\/p>\n<p>O SNHM tornou-se o momento maior, em n\u00edvel nacional, para a congrega\u00e7\u00e3o desses interessados que passaram a poder discutir e divulgar para a comunidade as distintas investiga\u00e7\u00f5es cient\u00edficas circunscritas \u00e0 Hist\u00f3ria da Matem\u00e1tica.<\/p>\n<p>Em virtude da intensifica\u00e7\u00e3o do movimento no entorno dessa \u00e1rea de pesquisa, foi criada, em 1999, a Sociedade Brasileira de Hist\u00f3ria da Matem\u00e1tica \u2013 SBHMat \u2013 durante a realiza\u00e7\u00e3o da terceira edi\u00e7\u00e3o do SNHM. A partir de ent\u00e3o, tanto a organiza\u00e7\u00e3o dos SNHM passou a ser de responsabilidade da Sociedade.<\/p>\n<p>O Semin\u00e1rio Nacional de Hist\u00f3ria da Matem\u00e1tica \u00e9, portanto, um evento que prioriza a divulga\u00e7\u00e3o de estudos e pesquisas sobre Hist\u00f3ria da Matem\u00e1tica aos professores de todos os n\u00edveis educacionais, alunos de gradua\u00e7\u00e3o e p\u00f3s-gradua\u00e7\u00e3o, bem como a todos os interessados nessa tem\u00e1tica.<\/p>\n<p>O SNHM \u00e9 realizado em anos \u00edmpares, de domingo a quarta-feira na semana santa. Edi\u00e7\u00f5es j\u00e1 realizadas:<\/p>\n<p>I -1995 &#8211; Recife (Pernambuco)<\/p>\n<p>II -1997 &#8211; \u00c1guas de S\u00e3o Pedro (S\u00e3o Paulo)<\/p>\n<p>III \u20131999 &#8211; Vit\u00f3ria (Esp\u00edrito Santo)<\/p>\n<p>IV &#8211; 2001 &#8211; Natal (Rio Grande do Norte)<\/p>\n<p>V &#8211; 2003 &#8211; Rio Claro (S\u00e3o Paulo)<\/p>\n<p>VI &#8211; 2005 &#8211; Bras\u00edlia (Distrito Federal)<\/p>\n<p>VII &#8211; 2007 \u2013 Guarapuava (Paran\u00e1)<\/p>\n<p>VIII \u2013 2009 Bel\u00e9m (Par\u00e1)<\/p>\n<p>IX. &#8211; 2011 \u2013 Aracuj\u00e1 (Sergipe)<\/p>\n<p>X &#8211; 2013- Campinas (S. Paulo)<\/p>\n<p>A partir de 2001, a SBHMat passou a ter um peri\u00f3dico cient\u00edfico, a \u201cRevista Brasileira de Hist\u00f3ria da Matem\u00e1tica\u201d, que ininterruptamente vem publicando 2 n\u00fameros anuais.<\/p>\n<p>S\u00e9rgio Nobre &#8211; UNESP, Rio Claro<\/p>\n","protected":false},"excerpt":{"rendered":"<p>Pequena introdu\u00e7\u00e3o hist\u00f3rica aos Semin\u00e1rios Nacionais de Hist\u00f3ria da Matem\u00e1tica (SNHM &#8211; Brasil) e a funda\u00e7\u00e3o da Sociedade Brasileira de Hist\u00f3ria da Matem\u00e1tica (SBHMat) A realiza\u00e7\u00e3o do Semin\u00e1rio Nacional de Hist\u00f3ria da Matem\u00e1tica (SNHM) \u00e9 resultante da din\u00e2mica acad\u00eamica e cient\u00edfica, originada h\u00e1 mais de uma d\u00e9cada por um grupo de pesquisadores brasileiros que j\u00e1<\/p>\n<p class=\"readmore\"> <a href=\"https:\/\/7encontrolbhm.spm.pt\/site\/sociedade-brasileira-de-historia-da-matematica\/\" title=\"Read Sociedade Brasileira de Hist\u00f3ria da Matem\u00e1tica\">Read more&#8230;<\/a> <\/p>\n","protected":false},"author":1,"featured_media":0,"parent":0,"menu_order":0,"comment_status":"open","ping_status":"open","template":"","meta":[],"_links":{"self":[{"href":"https:\/\/7encontrolbhm.spm.pt\/site\/wp-json\/wp\/v2\/pages\/136"}],"collection":[{"href":"https:\/\/7encontrolbhm.spm.pt\/site\/wp-json\/wp\/v2\/pages"}],"about":[{"href":"https:\/\/7encontrolbhm.spm.pt\/site\/wp-json\/wp\/v2\/types\/page"}],"author":[{"embeddable":true,"href":"https:\/\/7encontrolbhm.spm.pt\/site\/wp-json\/wp\/v2\/users\/1"}],"replies":[{"embeddable":true,"href":"https:\/\/7encontrolbhm.spm.pt\/site\/wp-json\/wp\/v2\/comments?post=136"}],"version-history":[{"count":5,"href":"https:\/\/7encontrolbhm.spm.pt\/site\/wp-json\/wp\/v2\/pages\/136\/revisions"}],"predecessor-version":[{"id":144,"href":"https:\/\/7encontrolbhm.spm.pt\/site\/wp-json\/wp\/v2\/pages\/136\/revisions\/144"}],"wp:attachment":[{"href":"https:\/\/7encontrolbhm.spm.pt\/site\/wp-json\/wp\/v2\/media?parent=136"}],"curies":[{"name":"wp","href":"https:\/\/api.w.org\/{rel}","templated":true}]}}