{"id":195,"date":"2014-10-08T15:06:10","date_gmt":"2014-10-08T15:06:10","guid":{"rendered":"http:\/\/7encontrolbhm.spm.pt\/?page_id=195"},"modified":"2014-10-08T15:10:56","modified_gmt":"2014-10-08T15:10:56","slug":"atividades-extra","status":"publish","type":"page","link":"https:\/\/7encontrolbhm.spm.pt\/site\/atividades-extra\/","title":{"rendered":"Atividades Extra"},"content":{"rendered":"<p><strong>dia 15 outubro<\/strong><br \/>\nVisita guiada a Vila de \u00d3bidos &#8211; na Porta da Vila ( ver mapa), as\u00a0 16h<\/p>\n<p><strong>dia 16 outubro<\/strong><br \/>\n22h na Livraria da Adega \/ Espa\u00e7o \u00d3<br \/>\n3 de Jazz _Vanessa Fernandes (voz), Andr\u00e9 Rosinha ( contrabaixo) e Pedro Nobre (piano)<\/p>\n<p><strong>dia 18 de Outubro<\/strong><br \/>\nJantar \u00e0s 20h00\u00a0 na Aldeia\u00a0 &gt; visita comentada ao centro hist\u00f3rico &gt; ginja na Adega &gt; jantar com tradi\u00e7\u00e3o<\/p>\n<p>&#8220;Jantar do Encontro Luso-Brasileiro de Hist\u00f3ria da Matem\u00e1tica<br \/>\nO transporte \u00e9 garantido pela C\u00e3mara Municipal de \u00d3bidos.<\/p>\n<p>Pequeno circuito &#8211; Roteiro das Fontes e Adegas &#8211; pelo Centro Hist\u00f3rico de A-dos-Negros &#8211; pequena aldeia<br \/>\nt\u00edpica que ainda guarda as ruas estreitas, com percurso pelas Adegas e a prova de Ginja.<\/p>\n<p>Jantar:<br \/>\nSopa de caldo verde, salada, arroz com feij\u00e3o, migas, porco assado no espeto p\u00e3o caseiro cozido no forno,<br \/>\nvinho tinto com qualidade, \u00e1guas, sumos; sobremesa: arroz doce e outras iguarias; caf\u00e9<br \/>\nM\u00fasica tradicional Portuguesa do Concelho de \u00d3bidos; cavaquinho; Rancho Folcl\u00f3rico<\/p>\n<p>Custo do jantar por pessoa: 17 Euros.<br \/>\nEnviar mail a inscrever-se para o jantar para spm@spm.pt<\/p>\n<p>As inscri\u00e7\u00f5es e respectivo pagamento ter\u00e3o de ser feitas at\u00e9 ao dia 16 de Outubro<br \/>\n<strong>Custo<\/strong>: conferencistas: 17 euros &#8211; convidados dos conferencistas &#8211; 20 euros<\/p>\n","protected":false},"excerpt":{"rendered":"<p>dia 15 outubro Visita guiada a Vila de \u00d3bidos &#8211; na Porta da Vila ( ver mapa), as\u00a0 16h dia 16 outubro 22h na Livraria da Adega \/ Espa\u00e7o \u00d3 3 de Jazz _Vanessa Fernandes (voz), Andr\u00e9 Rosinha ( contrabaixo) e Pedro Nobre (piano) dia 18 de Outubro Jantar \u00e0s 20h00\u00a0 na Aldeia\u00a0 &gt; visita<\/p>\n<p class=\"readmore\"> <a href=\"https:\/\/7encontrolbhm.spm.pt\/site\/atividades-extra\/\" title=\"Read Atividades Extra\">Read more&#8230;<\/a> <\/p>\n","protected":false},"author":1,"featured_media":0,"parent":0,"menu_order":0,"comment_status":"open","ping_status":"open","template":"","meta":[],"_links":{"self":[{"href":"https:\/\/7encontrolbhm.spm.pt\/site\/wp-json\/wp\/v2\/pages\/195"}],"collection":[{"href":"https:\/\/7encontrolbhm.spm.pt\/site\/wp-json\/wp\/v2\/pages"}],"about":[{"href":"https:\/\/7encontrolbhm.spm.pt\/site\/wp-json\/wp\/v2\/types\/page"}],"author":[{"embeddable":true,"href":"https:\/\/7encontrolbhm.spm.pt\/site\/wp-json\/wp\/v2\/users\/1"}],"replies":[{"embeddable":true,"href":"https:\/\/7encontrolbhm.spm.pt\/site\/wp-json\/wp\/v2\/comments?post=195"}],"version-history":[{"count":6,"href":"https:\/\/7encontrolbhm.spm.pt\/site\/wp-json\/wp\/v2\/pages\/195\/revisions"}],"predecessor-version":[{"id":201,"href":"https:\/\/7encontrolbhm.spm.pt\/site\/wp-json\/wp\/v2\/pages\/195\/revisions\/201"}],"wp:attachment":[{"href":"https:\/\/7encontrolbhm.spm.pt\/site\/wp-json\/wp\/v2\/media?parent=195"}],"curies":[{"name":"wp","href":"https:\/\/api.w.org\/{rel}","templated":true}]}}