{"id":24,"date":"2014-02-04T18:36:30","date_gmt":"2014-02-04T18:36:30","guid":{"rendered":"http:\/\/7encontrolbhm.spm.pt\/site\/?page_id=24"},"modified":"2014-10-09T11:52:57","modified_gmt":"2014-10-09T11:52:57","slug":"informacoes","status":"publish","type":"page","link":"https:\/\/7encontrolbhm.spm.pt\/site\/informacoes\/","title":{"rendered":"Informa\u00e7\u00f5es"},"content":{"rendered":"<p style=\"text-align: justify;\"><strong>Estacionamento<\/strong> \u00ac H\u00e1 7 bolsas de estacionamento junto a \u00d3bidos, com capacidade para mais de 4 mil viaturas<\/p>\n<p style=\"text-align: justify;\"><strong>Posto de Turismo<\/strong> \u00ac Encontra-se junto ao Parque de Estacionamento principal, a cerca de 200 metros da entrada da Vila de \u00d3bidos<\/p>\n<p style=\"text-align: justify;\"><strong>Restaura\u00e7\u00e3o<\/strong>\u00a0 \u00ac Existem pontos de restaura\u00e7\u00e3o no interior do recinto e tamb\u00e9m diversos restaurantes na zona de \u00d3bidos. No Posto de Turismo tem acesso a toda a listagem, assim como a sua localiza\u00e7\u00e3o. <a title=\"Restaurantes\" href=\"\/download\/MapaRestaurantes2014.pdf\" target=\"_blank\">pdf para download <\/a><\/p>\n<p style=\"text-align: justify;\"><strong>Unidades Hoteleiras<\/strong>\u00a0 \u00ac No concelho de \u00d3bidos existem diversas unidades hoteleiras. No Posto de Turismo tem acesso a toda a listagem, assim como a sua localiza\u00e7\u00e3o. <a title=\"Alojamento\" href=\"\/download\/MapaAlojamento2014.pdf\" target=\"_blank\">pdf para download <\/a><\/p>\n<p style=\"text-align: justify;\"><strong>Parceria com a TAP Portugal:<\/strong><\/p>\n<p style=\"text-align: justify;\"><a title=\"TAP\" href=\"http:\/\/7encontrolbhm.spm.pt\/site\/wp-content\/uploads\/2014\/02\/logo_tap_pt.png\" rel=\"http:\/\/www.flytap.com\/Portugal\/pt\/Homepage?GORMPTJUL1&amp;gclid=CNHOt66j_L8CFc3HtAodUwIAVg\" target=\"_blank\"><img loading=\"lazy\" class=\"wp-image-160 alignnone\" style=\"margin: 4px;\" title=\"logo_tap_pt\" src=\"http:\/\/7encontrolbhm.spm.pt\/site\/wp-content\/uploads\/2014\/02\/logo_tap_pt.png\" alt=\"\" width=\"145\" height=\"99\" srcset=\"https:\/\/7encontrolbhm.spm.pt\/site\/wp-content\/uploads\/2014\/02\/logo_tap_pt.png 198w, https:\/\/7encontrolbhm.spm.pt\/site\/wp-content\/uploads\/2014\/02\/logo_tap_pt-125x85.png 125w\" sizes=\"(max-width: 145px) 100vw, 145px\" \/><\/a><\/p>\n<p style=\"text-align: justify;\">&#8211; 10% de desconto nos bilhetes normais, para os participantes no 7\u00ba Encontro Luso Brasileiro de \u00d3bidos<\/p>\n<p style=\"text-align: justify;\">&#8211; 20%\u00a0de desconto\u00a0nos bilhetes classe executiva, para os participantes no 7\u00ba Encontro Luso Brasileiro de<br \/>\n\u00d3bidos<\/p>\n<p style=\"text-align: justify;\">Acordo TAP &#8211;<a href=\"http:\/\/7encontrolbhm.spm.pt\/download\/Acordo_TAP.pdf\" target=\"_blank\">Regulamento (Pdf)<\/a><\/p>\n<p style=\"text-align: justify;\"><strong>Hot\u00e9is Parceiros:<br \/>\n<\/strong><\/p>\n<p style=\"text-align: justify;\"><strong>Albergaria Josefa D\u2019\u00d3bidos Hotel<\/strong><br \/>\n&#8211; Em quarto Duplo\/Twin \u20ac 60.00 pequeno almo\u00e7o inclu\u00eddo<br \/>\n&#8211; Em quarto Individual \u20ac 45.00 pequeno almo\u00e7o inclu\u00eddo<strong><strong><br \/>\n<\/strong><\/strong>Website:<strong> <a href=\"http:\/\/www.josefadobidos.com\/\" target=\"_blank\">http:\/\/www.josefadobidos.com\/<br \/>\n<\/a><\/strong><\/p>\n<p style=\"text-align: justify;\"><strong>Pousada de \u00d3bidos<br \/>\n<\/strong>Castelo \u2013 9 quartos incluindo 3 Suites nas Torres do Castelo<br \/>\nCasa do Castelo \u2013 8 quartos, em que 5 deles t\u00eam lareira<strong><br \/>\n<\/strong>Pre\u00e7os a partir de 180\u20ac<strong><br \/>\n<\/strong>Website:\u00a0<a href=\"http:\/\/www.pousadas.pt\/historic-hotels-portugal\/pt\/pousadas\/lisbon-hotels\/pousada-de-obidos\/castelo-de-obidos\/pages\/home.aspx \" target=\"_blank\">http:\/\/www.pousadas.pt\/historic-hotels-portugal\/pt\/pousadas\/lisbon-hotels\/pousada-de-obidos\/castelo-de-obidos\/pages\/home.aspx<\/a><strong><\/strong><\/p>\n<p style=\"text-align: justify;\"><strong>Hotel Louro<\/strong><br \/>\nOs valores indicados s\u00e3o por quarto, com Pequeno Almo\u00e7o Buffet inclu\u00eddo.<br \/>\nQuarto Single &#8211; 36\u20ac<br \/>\nQuarto Duplo ou Twin &#8211; 43\u20ac<br \/>\nQuarto Triplo &#8211; 58\u20ac<br \/>\nWebsite &#8211; <a title=\"Hotel Louro\" href=\"http:\/\/www.hotelouro.com\" target=\"_blank\">http:\/\/www.hotelouro.com<\/a><\/p>\n<p style=\"text-align: justify;\"><strong>Sanit\u00e1rios P\u00fablicos\/Frald\u00e1rios<\/strong>\u00ac Existem diversos sanit\u00e1rios p\u00fablicos espalhados por toda a Vila.<\/p>\n<p style=\"text-align: justify;\"><strong>Caixas Multibanco<\/strong> \u00ac Encontram-se 5 Caixas Autom\u00e1ticas, junto \u00e0 Porta Principal da Vila (BES, CGD, BPI, CA e Barclays). No interior do Centro Hist\u00f3rico, existe uma Caixa Multibanco em frente \u00e0 entrada do Museu Municipal de \u00d3bidos, junto \u00e0 Pra\u00e7a de Santa Maria, no centro da Vila<\/p>\n<p style=\"text-align: justify;\"><strong>Como chegar<\/strong><\/p>\n<p style=\"text-align: justify;\">As auto-estradas A8 (Lisboa-Leiria) e A15 (\u00d3bidos-Santar\u00e9m), bem como o IP6 (Peniche-\u00d3bidos) tornam o acesso a \u00d3bidos extremamente f\u00e1cil.<\/p>\n<p style=\"text-align: justify;\">Aconselhamos as seguintes sa\u00eddas para um acesso mais r\u00e1pido aos parques de estacionamento do evento:<\/p>\n<p style=\"text-align: justify;\">\u00ac A8 Norte \u2013 Sa\u00edda 16 \u2013 Gaeiras\/\u00d3bidos<\/p>\n<p style=\"text-align: justify;\">\u00ac A8 Sul \u2013 Sa\u00edda 15 \u2013 \u00d3bidos<\/p>\n<p>V\u00e1 de metro da esta\u00e7\u00e3o do Aeroporto para o Campo Grande (tem de mudar uma vez de linha). Consulte\u00a0 o mapa do metro de Lisboa.<br \/>\nPerto da sa\u00edda da esta\u00e7\u00e3o do Campo Grande (na sa\u00edda que diz &#8220;Campo Grande&#8221;) tem imediatamente \u00e0 esquerda de quem sai a rua onde est\u00e1\u00a0 a paragem das camionetas da empresa Rodovi\u00e1ria do Tejo- R\u00e1pida Verde, na Rua Actor Ant\u00f3nio Silva. Veja o mapa do Campo Grande que tem a esta\u00e7\u00e3o de metro e o Est\u00e1dio Jos\u00e9 Alvalade <a title=\"Mapa Campo Grande\" href=\"http:\/\/7encontrolbhm.spm.pt\/download\/Mapa_Campo_Grande.jpg\" target=\"_blank\">(ver mapa)<\/a>.\u00a0 As camionetas Via R\u00e1pida Verde s\u00e3o as que v\u00e3o com destino a Caldas da Rainha, com paragem em\u00a0 \u00d3bidos. Na saida da camioneta em \u00d3bidos (na Rua Padre Nunes Tavares) sobe as\u00a0 escadas que v\u00e3o dar a Porta da Vila <a title=\"Mapa Porta da Vila\" href=\"http:\/\/7encontrolbhm.spm.pt\/download\/Rua_Padre_Nunes_Tavares_Obidos.jpg\" target=\"_blank\">(ver mapa)<\/a><br \/>\n<a title=\"Metro\" href=\"http:\/\/www.metrolisboa.pt\/informacao\/planear-a-viagem\/?idi=55&amp;idf=26&amp;d=s&amp;v=r&amp;h=1205\" target=\"_blank\"><br \/>\nMetro \u2013 Aeroporto \u2013 Campo Grande Consulte aqui toda a informa\u00e7\u00e3o<\/a><\/p>\n<p><a title=\"Autocarro\" href=\"http:\/\/www.rodotejo.pt\/media\/rapidas\/horario_verde.pdf\" target=\"_blank\">Autocarro \u2013 Lisboa \u2013 \u00d3bidos (Download de pdf)<\/a><\/p>\n","protected":false},"excerpt":{"rendered":"<p>Estacionamento \u00ac H\u00e1 7 bolsas de estacionamento junto a \u00d3bidos, com capacidade para mais de 4 mil viaturas Posto de Turismo \u00ac Encontra-se junto ao Parque de Estacionamento principal, a cerca de 200 metros da entrada da Vila de \u00d3bidos Restaura\u00e7\u00e3o\u00a0 \u00ac Existem pontos de restaura\u00e7\u00e3o no interior do recinto e tamb\u00e9m diversos restaurantes na<\/p>\n<p class=\"readmore\"> <a href=\"https:\/\/7encontrolbhm.spm.pt\/site\/informacoes\/\" title=\"Read Informa\u00e7\u00f5es\">Read more&#8230;<\/a> <\/p>\n","protected":false},"author":1,"featured_media":0,"parent":0,"menu_order":0,"comment_status":"open","ping_status":"open","template":"","meta":[],"_links":{"self":[{"href":"https:\/\/7encontrolbhm.spm.pt\/site\/wp-json\/wp\/v2\/pages\/24"}],"collection":[{"href":"https:\/\/7encontrolbhm.spm.pt\/site\/wp-json\/wp\/v2\/pages"}],"about":[{"href":"https:\/\/7encontrolbhm.spm.pt\/site\/wp-json\/wp\/v2\/types\/page"}],"author":[{"embeddable":true,"href":"https:\/\/7encontrolbhm.spm.pt\/site\/wp-json\/wp\/v2\/users\/1"}],"replies":[{"embeddable":true,"href":"https:\/\/7encontrolbhm.spm.pt\/site\/wp-json\/wp\/v2\/comments?post=24"}],"version-history":[{"count":35,"href":"https:\/\/7encontrolbhm.spm.pt\/site\/wp-json\/wp\/v2\/pages\/24\/revisions"}],"predecessor-version":[{"id":98,"href":"https:\/\/7encontrolbhm.spm.pt\/site\/wp-json\/wp\/v2\/pages\/24\/revisions\/98"}],"wp:attachment":[{"href":"https:\/\/7encontrolbhm.spm.pt\/site\/wp-json\/wp\/v2\/media?parent=24"}],"curies":[{"name":"wp","href":"https:\/\/api.w.org\/{rel}","templated":true}]}}